{"id":317,"date":"2015-11-24T11:09:29","date_gmt":"2015-11-24T11:09:29","guid":{"rendered":"http:\/\/fabremasa.dbfprueba.com\/?page_id=317"},"modified":"2026-03-09T11:21:46","modified_gmt":"2026-03-09T10:21:46","slug":"multimovil-famat-135","status":"publish","type":"page","link":"https:\/\/www.fabremasa.es\/en\/maquinaria-para-asfalto-templado\/multimovil-famat-135\/","title":{"rendered":"Multim\u00f3vil Famat 135"},"content":{"rendered":"<p><img loading=\"lazy\" decoding=\"async\" class=\"aligncenter size-medium wp-image-307\" src=\"https:\/\/www.fabremasa.es\/wp-content\/uploads\/2015\/11\/automovilfamat135-300x230.png\" alt=\"Planta movil para suelo cemento grava emulsi\u00f3n y aglomerado templado.\" width=\"300\" height=\"230\" \/><\/p>\n<p style=\"text-align: center;\"><a class=\"btn btn-success\" style=\"background: #f4ba20; color: white; border: none;\" href=\"#Cuestionario\">Solicita informaci\u00f3n<\/a><\/p>\n<p><div class=\"ezcol ezcol_4fifth\">TRANSPORTES:<\/p>\n<ul>\n<li>Planta completamente m\u00f3vil ensamblable en cuatro semi-trailer.<\/li>\n<li>Dos plataformas para silos horizontales de patas extensibles.<\/li>\n<li>Una plataforma para dep\u00f3sito de fuel y accesorios.<\/li>\n<li>M\u00e1xima anchura 3,00 metros.<\/li>\n<li>M\u00e1xima altura 4,40 metros.<\/li>\n<\/ul>\n<p>PRDOUCTOS FINALES:<\/p>\n<ul>\n<li>Suelo-Cemento.<\/li>\n<li>Grava-Cemento.<\/li>\n<li>Grava-Emulsi\u00f3n.<\/li>\n<li>Aglomerado en fr\u00edo.<\/li>\n<li>Hormig\u00f3n.<\/li>\n<li>Aglomerado Templado.<\/li>\n<li>Reciclaje de Aglomerados.<\/li>\n<\/ul>\n<p>BENEFICIOS DE MEZCLAS TEMPLADAS:<\/p>\n<ul>\n<li>Conforme a las exigencias del Protocolo de Kyoto.<\/li>\n<li>Mayor ecoeficacia.<\/li>\n<li>Temperatura de \u00e1rido (70-100\u00baC)<\/li>\n<li>Ahorro en el consumo energ\u00e9tico (hasta 40%).<\/li>\n<li>Reducci\u00f3n de las emisiones (NOx; SOx; CO2).<\/li>\n<li>Reducci\u00f3n de compuestos carbonados \u00f3rgano vol\u00e1tiles (COV).<\/li>\n<li>Mejora de las condiciones de seguridad y salubridad de los trabajadores.<\/li>\n<li>Minimizaci\u00f3n del envejecimiento del ligante.<\/li>\n<li>Mayor independencia de las condiciones de transporte y climatolog\u00eda.<\/li>\n<li>Mayores tasas de reciclados (RAP).<\/li>\n<\/ul>\n<p>BENEFICIOS MULTIM\u00d3VIL:<\/p>\n<ul>\n<li>MULTI productos (7 productos).<\/li>\n<li>M\u00d3VIL Montaje en 1 d\u00eda.<\/li>\n<li>Totalmente automatizada.<\/li>\n<li>No existe obra civil.<\/li>\n<li>Grupos electr\u00f3genos incorporados (2 unidades).<\/li>\n<li>Carga de camiones sobre cota cero.<\/li>\n<li>Controles exactos de \u00e1ridos, cemento, agua y filler.<\/li>\n<li>Controles de temperatura.<\/li>\n<li>Movilidad de equipos automatizados, tales como: * caseta, cintas quebradas, elevaci\u00f3n mezcladora,etc.<\/li>\n<li>Patente internacional: <strong>PCT\/ES2010\/070704<\/strong><\/li>\n<\/ul>\n<p><\/div> <div class=\"ezcol-clear\"><\/div><\/p>\n<h3 id=\"Cuestionario\"><strong>\u00bfDudas o consultas?<\/strong><\/h3>\n<p>&nbsp;<\/p>\n<p><a class=\"icon-phone\" href=\"tel:+34 91 895 60 63\"><i class=\"fa fa-mobile\"><\/i> +34 91 895 60 63<\/a><\/p>\n<p><a href=\"mailto:info@fabremasa.es\"><i class=\"fa fa-envelope-o\"><\/i> info@fabremasa.es<\/a><\/p>\n\n<div class=\"wpcf7 no-js\" id=\"wpcf7-f1110-o1\" lang=\"es-ES\" dir=\"ltr\" data-wpcf7-id=\"1110\">\n<div class=\"screen-reader-response\"><p role=\"status\" aria-live=\"polite\" aria-atomic=\"true\"><\/p> <ul><\/ul><\/div>\n<form action=\"\/en\/wp-json\/wp\/v2\/pages\/317#wpcf7-f1110-o1\" method=\"post\" class=\"wpcf7-form init\" aria-label=\"Formulario de contacto\" novalidate=\"novalidate\" data-status=\"init\">\n<fieldset class=\"hidden-fields-container\"><input type=\"hidden\" name=\"_wpcf7\" value=\"1110\" \/><input type=\"hidden\" name=\"_wpcf7_version\" value=\"6.1.5\" \/><input type=\"hidden\" name=\"_wpcf7_locale\" value=\"es_ES\" \/><input type=\"hidden\" name=\"_wpcf7_unit_tag\" value=\"wpcf7-f1110-o1\" \/><input type=\"hidden\" name=\"_wpcf7_container_post\" value=\"0\" \/><input type=\"hidden\" name=\"_wpcf7_posted_data_hash\" value=\"\" \/><input type=\"hidden\" name=\"_wpcf7_recaptcha_response\" value=\"\" \/>\n<\/fieldset>\n<p>Nombre (requerido)\n<\/p>\n<p><span class=\"wpcf7-form-control-wrap\" data-name=\"nombre\"><input size=\"40\" maxlength=\"400\" class=\"wpcf7-form-control wpcf7-text wpcf7-validates-as-required\" aria-required=\"true\" aria-invalid=\"false\" value=\"\" type=\"text\" name=\"nombre\" \/><\/span>\n<\/p>\n<p>Tel\u00e9fono (requerido)\n<\/p>\n<p><span class=\"wpcf7-form-control-wrap\" data-name=\"telefono\"><input size=\"40\" maxlength=\"400\" class=\"wpcf7-form-control wpcf7-text wpcf7-validates-as-required\" aria-required=\"true\" aria-invalid=\"false\" value=\"\" type=\"text\" name=\"telefono\" \/><\/span>\n<\/p>\n<p>Email (requerido)\n<\/p>\n<p><span class=\"wpcf7-form-control-wrap\" data-name=\"email\"><input size=\"40\" maxlength=\"400\" class=\"wpcf7-form-control wpcf7-email wpcf7-validates-as-required wpcf7-text wpcf7-validates-as-email\" aria-required=\"true\" aria-invalid=\"false\" value=\"\" type=\"email\" name=\"email\" \/><\/span>\n<\/p>\n<p><span class=\"wpcf7-form-control-wrap kc_captcha\" data-name=\"kc_captcha\"><span class=\"wpcf7-form-control wpcf7-radio\"><span class=\"captcha-image\" ><span class=\"cf7ic_instructions\">Por favor, prueba que eres humano seleccionando el<span> casa<\/span>.<\/span><label><input aria-label=\"1\" type=\"radio\" name=\"kc_captcha\" value=\"kc_human\" \/><svg aria-hidden=\"true\" role=\"img\" xmlns=\"http:\/\/www.w3.org\/2000\/svg\" viewBox=\"0 0 576 512\"><path fill=\"currentColor\" d=\"M488 313v143c0 13-11 24-24 24H348c-7 0-12-5-12-12V356c0-7-5-12-12-12h-72c-7 0-12 5-12 12v112c0 7-5 12-12 12H112c-13 0-24-11-24-24V313c0-4 2-7 4-10l188-154c5-4 11-4 16 0l188 154c2 3 4 6 4 10zm84-61l-84-69V44c0-6-5-12-12-12h-56c-7 0-12 6-12 12v73l-89-74a48 48 0 00-61 0L4 252c-5 4-5 12-1 17l25 31c5 5 12 5 17 1l235-193c5-4 11-4 16 0l235 193c5 5 13 4 17-1l25-31c4-6 4-13-1-17z\"\/><\/svg><\/label><label><input aria-label=\"2\" type=\"radio\" name=\"kc_captcha\" value=\"bot\" \/><svg aria-hidden=\"true\" role=\"img\" xmlns=\"http:\/\/www.w3.org\/2000\/svg\" viewBox=\"0 0 576 512\"><path fill=\"currentColor\" d=\"M259 18l-65 132-146 22c-26 3-37 36-18 54l106 103-25 146c-5 26 23 46 46 33l131-68 131 68c23 13 51-7 46-33l-25-146 106-103c19-18 8-51-18-54l-146-22-65-132a32 32 0 00-58 0z\"\/><\/svg><\/label><label><input aria-label=\"3\" type=\"radio\" name=\"kc_captcha\" value=\"bot\" \/><svg aria-hidden=\"true\" role=\"img\" xmlns=\"http:\/\/www.w3.org\/2000\/svg\" viewBox=\"0 0 384 512\"><path fill=\"currentColor\" d=\"M377 375l-83-87h34c21 0 32-25 17-40l-82-88h33c21 0 32-25 18-40L210 8c-10-11-26-11-36 0L70 120c-14 15-3 40 18 40h33l-82 88c-15 15-4 40 17 40h34L7 375c-15 16-4 41 17 41h120c0 33-11 49-34 68-12 9-5 28 10 28h144c15 0 22-19 10-28-20-16-34-32-34-68h120c21 0 32-25 17-41z\"\/><\/svg><\/label>\r\n    <\/span>\r\n    <span style=\"display:none\">\r\n        <input type=\"text\" name=\"kc_honeypot\">\r\n    <\/span><\/span><\/span>\n<\/p>\n<p><span class=\"wpcf7-form-control-wrap\" data-name=\"acceptance-688\"><span class=\"wpcf7-form-control wpcf7-acceptance\"><span class=\"wpcf7-list-item\"><input type=\"checkbox\" name=\"acceptance-688\" value=\"1\" aria-invalid=\"false\" \/><\/span><\/span><\/span> Acepto la pol\u00edtica de datos de Fabremasa\n<\/p>\n<p><input class=\"wpcf7-form-control wpcf7-submit has-spinner\" type=\"submit\" value=\"Enviar\" \/>\n<\/p><div class=\"wpcf7-response-output\" aria-hidden=\"true\"><\/div>\n<\/form>\n<\/div>\n\n<div><img loading=\"lazy\" decoding=\"async\" class=\"aligncenter wp-image-812\" src=\"http:\/\/www.fabremasa.es\/wp-content\/uploads\/2016\/05\/fondo.png\" alt=\"fondo\" width=\"10\" height=\"10\" \/><\/div>\n<hr \/>\n<p><\/p>","protected":false},"excerpt":{"rendered":"<p>Solicita informaci\u00f3n \u00bfDudas o consultas? &nbsp; +34 91 895 60 63 info@fabremasa.es<\/p>\n","protected":false},"author":1,"featured_media":0,"parent":303,"menu_order":0,"comment_status":"closed","ping_status":"closed","template":"templates\/maquinaria-asfalto-templado.php","meta":{"footnotes":""},"class_list":["post-317","page","type-page","status-publish","hentry"],"aioseo_notices":[],"_links":{"self":[{"href":"https:\/\/www.fabremasa.es\/en\/wp-json\/wp\/v2\/pages\/317","targetHints":{"allow":["GET"]}}],"collection":[{"href":"https:\/\/www.fabremasa.es\/en\/wp-json\/wp\/v2\/pages"}],"about":[{"href":"https:\/\/www.fabremasa.es\/en\/wp-json\/wp\/v2\/types\/page"}],"author":[{"embeddable":true,"href":"https:\/\/www.fabremasa.es\/en\/wp-json\/wp\/v2\/users\/1"}],"replies":[{"embeddable":true,"href":"https:\/\/www.fabremasa.es\/en\/wp-json\/wp\/v2\/comments?post=317"}],"version-history":[{"count":21,"href":"https:\/\/www.fabremasa.es\/en\/wp-json\/wp\/v2\/pages\/317\/revisions"}],"predecessor-version":[{"id":10933,"href":"https:\/\/www.fabremasa.es\/en\/wp-json\/wp\/v2\/pages\/317\/revisions\/10933"}],"up":[{"embeddable":true,"href":"https:\/\/www.fabremasa.es\/en\/wp-json\/wp\/v2\/pages\/303"}],"wp:attachment":[{"href":"https:\/\/www.fabremasa.es\/en\/wp-json\/wp\/v2\/media?parent=317"}],"curies":[{"name":"wp","href":"https:\/\/api.w.org\/{rel}","templated":true}]}}